{"id":9,"date":"2019-02-11T12:58:22","date_gmt":"2019-02-11T11:58:22","guid":{"rendered":"http:\/\/www.new.gsv.cc\/?page_id=9"},"modified":"2026-02-05T19:10:27","modified_gmt":"2026-02-05T18:10:27","slug":"kontakt","status":"publish","type":"page","link":"https:\/\/www.gsv.cc\/?page_id=9","title":{"rendered":"Kontakt"},"content":{"rendered":"<p align=\"center\">F\u00fcr Anfragen stehen wir Ihnen gerne zur Verf\u00fcgung<\/p>\n<p align=\"center\"><strong><span style=\"font-size: small;\"><span style=\"color: #9999cc; font-size: 300%;\"><em>G S V<\/em><\/span><\/span><\/strong><\/p>\n<blockquote>\n<p align=\"center\"><strong><span style=\"font-size: small;\">Grazer Sportflieger Verein<br \/>\nWagner -Jauregg-Strasse 14<br \/>\n8055 Graz<\/span><\/strong><\/p>\n<\/blockquote>\n<blockquote>\n<table style=\"height: 320px;\" border=\"1\" width=\"580\">\n<tbody>\n<tr>\n<th>Funktion<\/th>\n<th>Name<\/th>\n<th>Telefon<\/th>\n<th>E-Mail<\/th>\n<\/tr>\n<tr>\n<td><strong>Obmann<\/strong><\/td>\n<td>Mag. Robert Sommerauer<\/td>\n<td><span class=\"skype_tb_injection\"><span class=\"skype_tb_injectionIn\"><span class=\"skype_tb_innerText\">(0664) 88674775<\/span><\/span><\/span><\/td>\n<td><a href=\"mailto:roberto@gsv.cc\" target=\"_blank\" rel=\"noopener noreferrer\"><u><span style=\"color: #0000ff;\">E-MAIL<\/span><\/u><\/a><\/td>\n<\/tr>\n<tr>\n<td><strong>Obmann StV.<\/strong><\/td>\n<td>Herbert Kugler<\/td>\n<td><span class=\"skype_tb_injection\"><span class=\"skype_tb_injectionIn\"><span class=\"skype_tb_innerText\">(0664) 4449780<\/span><\/span><\/span><\/td>\n<td><a href=\"mailto:herb@gsv.cc\"><u><span style=\"color: #0000ff;\">E-MAIL<\/span><\/u><\/a><\/td>\n<\/tr>\n<tr>\n<td><\/td>\n<td><\/td>\n<td><\/td>\n<td><\/td>\n<\/tr>\n<tr>\n<td><strong>Kassier<\/strong><\/td>\n<td>DI. Michael Schmarda<\/td>\n<td><span class=\"skype_tb_injection\"><span class=\"skype_tb_injectionIn\"><span class=\"skype_tb_innerText\">(0660) 1225400<\/span><\/span><\/span><\/td>\n<td><a href=\"mailto:michael@gsv.cc\" target=\"_blank\" rel=\"noopener noreferrer\"><u><span style=\"color: #0000ff;\">E-MAIL<\/span><\/u><\/a><\/td>\n<\/tr>\n<tr>\n<td><strong>Schriftf\u00fchrer<\/strong><\/td>\n<td>Anita Br\u00fcnner<\/td>\n<td><span class=\"skype_tb_injection\"><span class=\"skype_tb_injectionIn\"><span class=\"skype_tb_innerText\">(0664) 5432362<\/span><\/span><\/span><\/td>\n<td><a href=\"mailto:schreibflott@gmx.at\"><u><span style=\"color: #0000ff;\">E-MAIL<\/span><\/u><\/a><\/td>\n<\/tr>\n<tr>\n<td><strong>Technik<\/strong><\/td>\n<td>Ing. Knud Sp\u00f6rk<\/td>\n<td><span class=\"skype_tb_injection\"><span class=\"skype_tb_injectionIn\"><span class=\"skype_tb_innerText\">(0664) 80405522<\/span><\/span><\/span><\/td>\n<td><a href=\"mailto:knud@gsv.cc\"><u><span style=\"color: #0000ff;\">E-MAIL<\/span><\/u><\/a><\/td>\n<\/tr>\n<\/tbody>\n<\/table>\n<p><strong>Vereinsabend:<\/strong> jeden 1. Donnerstag im Monat ab ca. 19.00 Uhr<br \/>\n<a href=\"http:\/\/goo.gl\/maps\/8jPXq\" target=\"_blank\" rel=\"noopener noreferrer\"><strong><u><span style=\"color: #0000ff;\">Navigation zum Vereinslokal:<\/span><\/u><\/strong><\/a>\u00a0Wagner-Jauregg Strasse 14, 8055 Graz<\/p><\/blockquote>\n","protected":false},"excerpt":{"rendered":"<p>F\u00fcr Anfragen stehen wir Ihnen gerne zur Verf\u00fcgung G S V Grazer Sportflieger Verein Wagner -Jauregg-Strasse 14 8055 Graz Funktion Name Telefon E-Mail Obmann Mag. Robert Sommerauer (0664) 88674775 E-MAIL Obmann StV. Herbert Kugler (0664) 4449780 E-MAIL Kassier DI. Michael Schmarda (0660) 1225400 E-MAIL Schriftf\u00fchrer Anita Br\u00fcnner (0664) 5432362 E-MAIL Technik Ing. Knud Sp\u00f6rk (0664) &hellip; <\/p>\n<p class=\"link-more\"><a href=\"https:\/\/www.gsv.cc\/?page_id=9\" class=\"more-link\"><span class=\"screen-reader-text\">\u201eKontakt\u201c<\/span> weiterlesen<\/a><\/p>\n","protected":false},"author":1,"featured_media":42,"parent":0,"menu_order":0,"comment_status":"closed","ping_status":"closed","template":"","meta":{"footnotes":""},"class_list":["post-9","page","type-page","status-publish","has-post-thumbnail","hentry"],"_links":{"self":[{"href":"https:\/\/www.gsv.cc\/index.php?rest_route=\/wp\/v2\/pages\/9","targetHints":{"allow":["GET"]}}],"collection":[{"href":"https:\/\/www.gsv.cc\/index.php?rest_route=\/wp\/v2\/pages"}],"about":[{"href":"https:\/\/www.gsv.cc\/index.php?rest_route=\/wp\/v2\/types\/page"}],"author":[{"embeddable":true,"href":"https:\/\/www.gsv.cc\/index.php?rest_route=\/wp\/v2\/users\/1"}],"replies":[{"embeddable":true,"href":"https:\/\/www.gsv.cc\/index.php?rest_route=%2Fwp%2Fv2%2Fcomments&post=9"}],"version-history":[{"count":10,"href":"https:\/\/www.gsv.cc\/index.php?rest_route=\/wp\/v2\/pages\/9\/revisions"}],"predecessor-version":[{"id":33202,"href":"https:\/\/www.gsv.cc\/index.php?rest_route=\/wp\/v2\/pages\/9\/revisions\/33202"}],"wp:featuredmedia":[{"embeddable":true,"href":"https:\/\/www.gsv.cc\/index.php?rest_route=\/wp\/v2\/media\/42"}],"wp:attachment":[{"href":"https:\/\/www.gsv.cc\/index.php?rest_route=%2Fwp%2Fv2%2Fmedia&parent=9"}],"curies":[{"name":"wp","href":"https:\/\/api.w.org\/{rel}","templated":true}]}}