{"id":7,"date":"2019-02-11T12:58:22","date_gmt":"2019-02-11T11:58:22","guid":{"rendered":"http:\/\/www.new.gsv.cc\/?page_id=7"},"modified":"2025-04-03T20:58:37","modified_gmt":"2025-04-03T18:58:37","slug":"startseite","status":"publish","type":"page","link":"https:\/\/www.gsv.cc\/","title":{"rendered":"Willkommen beim Grazer Sportflieger Verein"},"content":{"rendered":"<p><strong>Tr\u00e4umst du noch \u2013 oder fliegst du schon?<\/strong><span style=\"text-align: justify; color: #000000; text-transform: none; text-indent: 0px; letter-spacing: normal; font-family: 'Times New Roman'; font-size: medium; font-style: normal; font-weight: 400; word-spacing: 0px; float: none; display: inline !important; white-space: normal; orphans: 2; widows: 2; font-variant-ligatures: normal; font-variant-caps: normal; -webkit-text-stroke-width: 0px; text-decoration-style: initial; text-decoration-color: initial;\">\u00a0Sollte ersteres zutreffen, besteht jetzt die M\u00f6glichkeit deine Tr\u00e4ume in die Realit\u00e4t umzusetzen. Eine Ausbildung ohne Stress in\u00a0geselliger Vereinsatmosph\u00e4re. Sicherheit, hochwertige Ausbildung sowie g\u00fcnstiges Fliegen mit TOP gewarteten Flugzeugen \u2026\u00a0<\/span><!--more--><\/p>\n<p><!--more--><\/p>\n<p><strong>Tr\u00e4umst du noch \u2013 oder fliegst du schon?<\/strong><span style=\"text-align: justify; color: #000000; text-transform: none; text-indent: 0px; letter-spacing: normal; font-family: 'Times New Roman'; font-size: medium; font-style: normal; font-weight: 400; word-spacing: 0px; float: none; display: inline !important; white-space: normal; orphans: 2; widows: 2; font-variant-ligatures: normal; font-variant-caps: normal; -webkit-text-stroke-width: 0px; text-decoration-style: initial; text-decoration-color: initial;\">\u00a0Sollte zweiteres zutreffen, dann bist du bei uns richtig. Einfach GSV \u2013 Mitglied werden.<br \/><\/span><\/p>\n<p><strong style=\"text-align: justify; color: #000000; text-transform: none; text-indent: 0px; letter-spacing: normal; font-family: 'Times New Roman'; font-size: medium; font-style: normal; word-spacing: 0px; white-space: normal; orphans: 2; widows: 2; font-variant-ligatures: normal; font-variant-caps: normal; -webkit-text-stroke-width: 0px; text-decoration-style: initial; text-decoration-color: initial;\">Diamond Katana DA20&#8230;\u2026.um \u20ac 2,45\/min<br \/><\/strong><strong style=\"text-align: justify; color: #000000; text-transform: none; text-indent: 0px; letter-spacing: normal; font-family: 'Times New Roman'; font-size: medium; font-style: normal; word-spacing: 0px; white-space: normal; orphans: 2; widows: 2; font-variant-ligatures: normal; font-variant-caps: normal; -webkit-text-stroke-width: 0px; text-decoration-style: initial; text-decoration-color: initial;\">HK36TTC SuperDimona &#8230; um \u20ac 2,45\/min<br \/>Scheibe Falke SF25D&#8230;\u2026\u2026.um \u20ac 110,00\/MH<br \/><\/strong><strong style=\"text-align: justify; color: #000000; text-transform: none; text-indent: 0px; letter-spacing: normal; font-family: 'Times New Roman'; font-size: medium; font-style: normal; word-spacing: 0px; white-space: normal; orphans: 2; widows: 2; font-variant-ligatures: normal; font-variant-caps: normal; -webkit-text-stroke-width: 0px; text-decoration-style: initial; text-decoration-color: initial;\">Mitgliedsbeitrag \u2026\u2026\u2026\u2026\u2026 \u20ac 240,00\/Jahr<\/strong><\/p>\n<p><span style=\"text-align: justify; color: #000000; text-transform: none; text-indent: 0px; letter-spacing: normal; font-family: 'Times New Roman'; font-size: medium; font-style: normal; font-weight: 400; word-spacing: 0px; float: none; display: inline !important; white-space: normal; orphans: 2; widows: 2; font-variant-ligatures: normal; font-variant-caps: normal; -webkit-text-stroke-width: 0px; text-decoration-style: initial; text-decoration-color: initial;\">Auszug aus der Geb\u00fchrenordnung des GSV,\u00a0 Stand seit 01.01.2025<\/span><\/p>\n<p><span style=\"text-align: justify; color: #000000; text-transform: none; text-indent: 0px; letter-spacing: normal; font-family: 'Times New Roman'; font-size: medium; font-style: normal; font-weight: 400; word-spacing: 0px; float: none; display: inline !important; white-space: normal; orphans: 2; widows: 2; font-variant-ligatures: normal; font-variant-caps: normal; -webkit-text-stroke-width: 0px; text-decoration-style: initial; text-decoration-color: initial;\">Ruf uns einfach\u00a0an\u00a0<\/span><a href=\"http:\/\/www.new.gsv.cc\/kontakt\/\">Kontakt<\/a><span style=\"text-align: justify; color: #000000; text-transform: none; text-indent: 0px; letter-spacing: normal; font-family: 'Times New Roman'; font-size: medium; font-style: normal; font-weight: 400; word-spacing: 0px; float: none; display: inline !important; white-space: normal; orphans: 2; widows: 2; font-variant-ligatures: normal; font-variant-caps: normal; -webkit-text-stroke-width: 0px; text-decoration-style: initial; text-decoration-color: initial;\">\u00a0und komm zu unserem\u00a0Clubtreff<\/span><span style=\"text-align: justify; color: #0000ff; text-transform: none; text-indent: 0px; letter-spacing: normal; font-family: 'Times New Roman'; font-size: medium; font-style: normal; font-weight: 400; word-spacing: 0px; white-space: normal; orphans: 2; widows: 2; font-variant-ligatures: normal; font-variant-caps: normal; -webkit-text-stroke-width: 0px; text-decoration-style: initial; text-decoration-color: initial;\">.\u00a0<\/span><span style=\"text-align: justify; color: #000000; text-transform: none; text-indent: 0px; letter-spacing: normal; font-family: 'Times New Roman'; font-size: medium; font-style: normal; font-weight: 400; word-spacing: 0px; float: none; display: inline !important; white-space: normal; orphans: 2; widows: 2; font-variant-ligatures: normal; font-variant-caps: normal; -webkit-text-stroke-width: 0px; text-decoration-style: initial; text-decoration-color: initial;\">Grazer Sportflieger Verein<\/span><\/p>\n<p>&nbsp;<\/p>\n\n\n<p><\/p>\n","protected":false},"excerpt":{"rendered":"<p>Tr\u00e4umst du noch \u2013 oder fliegst du schon?\u00a0Sollte ersteres zutreffen, besteht jetzt die M\u00f6glichkeit deine Tr\u00e4ume in die Realit\u00e4t umzusetzen. Eine Ausbildung ohne Stress in\u00a0geselliger Vereinsatmosph\u00e4re. Sicherheit, hochwertige Ausbildung sowie g\u00fcnstiges Fliegen mit TOP gewarteten Flugzeugen \u2026\u00a0<\/p>\n","protected":false},"author":4,"featured_media":48,"parent":0,"menu_order":0,"comment_status":"closed","ping_status":"closed","template":"","meta":{"footnotes":""},"class_list":["post-7","page","type-page","status-publish","has-post-thumbnail","hentry"],"_links":{"self":[{"href":"https:\/\/www.gsv.cc\/index.php?rest_route=\/wp\/v2\/pages\/7","targetHints":{"allow":["GET"]}}],"collection":[{"href":"https:\/\/www.gsv.cc\/index.php?rest_route=\/wp\/v2\/pages"}],"about":[{"href":"https:\/\/www.gsv.cc\/index.php?rest_route=\/wp\/v2\/types\/page"}],"author":[{"embeddable":true,"href":"https:\/\/www.gsv.cc\/index.php?rest_route=\/wp\/v2\/users\/4"}],"replies":[{"embeddable":true,"href":"https:\/\/www.gsv.cc\/index.php?rest_route=%2Fwp%2Fv2%2Fcomments&post=7"}],"version-history":[{"count":24,"href":"https:\/\/www.gsv.cc\/index.php?rest_route=\/wp\/v2\/pages\/7\/revisions"}],"predecessor-version":[{"id":33181,"href":"https:\/\/www.gsv.cc\/index.php?rest_route=\/wp\/v2\/pages\/7\/revisions\/33181"}],"wp:featuredmedia":[{"embeddable":true,"href":"https:\/\/www.gsv.cc\/index.php?rest_route=\/wp\/v2\/media\/48"}],"wp:attachment":[{"href":"https:\/\/www.gsv.cc\/index.php?rest_route=%2Fwp%2Fv2%2Fmedia&parent=7"}],"curies":[{"name":"wp","href":"https:\/\/api.w.org\/{rel}","templated":true}]}}